{"id":17,"date":"2025-03-25T12:55:09","date_gmt":"2025-03-25T12:55:09","guid":{"rendered":"https:\/\/reihanyongfong.techniquesmedia.com\/?page_id=17"},"modified":"2025-03-30T18:27:26","modified_gmt":"2025-03-30T18:27:26","slug":"impact-negatif-sur-lenvironnement","status":"publish","type":"page","link":"https:\/\/reihanyongfong.techniquesmedia.com\/index.php\/impact-negatif-sur-lenvironnement\/","title":{"rendered":"Impact n\u00e9gatif sur l\u2019environnement"},"content":{"rendered":"\n<p>Certaines esp\u00e8ces de scarab\u00e9es, bien qu\u2019elles jouent g\u00e9n\u00e9ralement un r\u00f4le b\u00e9n\u00e9fique dans leurs habitats naturels, peuvent devenir&nbsp;<strong>envahissantes<\/strong>&nbsp;lorsqu\u2019elles sont introduites dans de nouveaux environnements. Lorsqu\u2019une esp\u00e8ce devient envahissante, elle peut perturber les \u00e9quilibres \u00e9cologiques locaux, affecter la biodiversit\u00e9 et nuire aux syst\u00e8mes agricoles.<\/p>\n\n\n\n<div style=\"height:100px\" aria-hidden=\"true\" class=\"wp-block-spacer\"><\/div>\n\n\n\n<div class=\"wp-block-group alignwide has-tertiary-background-color has-background is-layout-flow wp-container-core-group-is-layout-498311fd wp-block-group-is-layout-flow\" style=\"border-radius:40px;min-height:0px;padding-top:0px;padding-bottom:0px;padding-left:0\">\n<div class=\"wp-block-columns is-layout-flex wp-container-core-columns-is-layout-41c96424 wp-block-columns-is-layout-flex\" style=\"margin-top:0;margin-bottom:0;padding-top:0px;padding-bottom:0px\">\n<div class=\"wp-block-column is-vertically-aligned-stretch has-global-padding is-content-justification-left is-layout-constrained wp-container-core-column-is-layout-11e161cf wp-block-column-is-layout-constrained\" style=\"padding-top:0;padding-right:0;padding-bottom:0;padding-left:0\">\n<figure class=\"wp-block-image alignfull size-large has-custom-border is-style-default\" style=\"margin-top:0px;margin-bottom:0px\"><img loading=\"lazy\" decoding=\"async\" width=\"1024\" height=\"683\" src=\"https:\/\/reihanyongfong.techniquesmedia.com\/wp-content\/uploads\/2025\/03\/impact-espece-envahissante-1024x683.jpg\" alt=\"\" class=\"wp-image-45\" style=\"border-top-left-radius:40px\" srcset=\"https:\/\/reihanyongfong.techniquesmedia.com\/wp-content\/uploads\/2025\/03\/impact-espece-envahissante-1024x683.jpg 1024w, https:\/\/reihanyongfong.techniquesmedia.com\/wp-content\/uploads\/2025\/03\/impact-espece-envahissante-300x200.jpg 300w, https:\/\/reihanyongfong.techniquesmedia.com\/wp-content\/uploads\/2025\/03\/impact-espece-envahissante-768x512.jpg 768w, https:\/\/reihanyongfong.techniquesmedia.com\/wp-content\/uploads\/2025\/03\/impact-espece-envahissante-1536x1024.jpg 1536w, https:\/\/reihanyongfong.techniquesmedia.com\/wp-content\/uploads\/2025\/03\/impact-espece-envahissante-2048x1366.jpg 2048w\" sizes=\"auto, (max-width: 1024px) 100vw, 1024px\" \/><\/figure>\n<\/div>\n\n\n\n<div class=\"wp-block-column is-layout-flow wp-block-column-is-layout-flow\" style=\"padding-top:40px;padding-right:40px;padding-bottom:40px;padding-left:40px\">\n<h2 class=\"wp-block-heading\">Qu\u2019est-ce qu\u2019une esp\u00e8ce envahissante ?&nbsp;<\/h2>\n\n\n\n<p>Une esp\u00e8ce est dite&nbsp;<strong>envahissante<\/strong>&nbsp;lorsqu\u2019elle est introduite dans un nouvel environnement (souvent par l\u2019homme, de mani\u00e8re accidentelle ou d\u00e9lib\u00e9r\u00e9e) et qu\u2019elle se propage rapidement, causant des&nbsp;<strong>dommages<\/strong>&nbsp;importants aux \u00e9cosyst\u00e8mes locaux. Les esp\u00e8ces envahissantes ont souvent peu de pr\u00e9dateurs naturels dans ces nouveaux environnements, ce qui leur permet de se reproduire rapidement et de dominer les habitats qu\u2019elles occupent.&nbsp;<\/p>\n<\/div>\n<\/div>\n<\/div>\n\n\n\n<div style=\"height:100px\" aria-hidden=\"true\" class=\"wp-block-spacer\"><\/div>\n\n\n\n<h3 class=\"wp-block-heading has-text-align-center\">Exemples de scarab\u00e9es envahissants<\/h3>\n\n\n\n<div class=\"wp-block-group alignwide is-layout-flow wp-block-group-is-layout-flow\">\n<div class=\"wp-block-columns is-layout-flex wp-container-core-columns-is-layout-14cf5ab5 wp-block-columns-is-layout-flex\">\n<div class=\"wp-block-column is-layout-flow wp-block-column-is-layout-flow\">\n<figure class=\"wp-block-image aligncenter size-large is-resized is-style-rounded\"><img loading=\"lazy\" decoding=\"async\" width=\"1024\" height=\"682\" src=\"https:\/\/reihanyongfong.techniquesmedia.com\/wp-content\/uploads\/2025\/03\/impact-scarabee-japonais-1024x682.jpg\" alt=\"\" class=\"wp-image-32\" style=\"object-fit:cover;width:300px;height:300px\" srcset=\"https:\/\/reihanyongfong.techniquesmedia.com\/wp-content\/uploads\/2025\/03\/impact-scarabee-japonais-1024x682.jpg 1024w, https:\/\/reihanyongfong.techniquesmedia.com\/wp-content\/uploads\/2025\/03\/impact-scarabee-japonais-300x200.jpg 300w, https:\/\/reihanyongfong.techniquesmedia.com\/wp-content\/uploads\/2025\/03\/impact-scarabee-japonais-768x512.jpg 768w, https:\/\/reihanyongfong.techniquesmedia.com\/wp-content\/uploads\/2025\/03\/impact-scarabee-japonais.jpg 1280w\" sizes=\"auto, (max-width: 1024px) 100vw, 1024px\" \/><\/figure>\n\n\n\n<h3 class=\"wp-block-heading has-text-align-center has-primary-color has-text-color has-link-color has-large-font-size wp-elements-f2ff39d13ab9b8d65215b73e7ed393a5\"><strong>Scarab\u00e9e japonais<\/strong><br><strong>(<em>Popillia japonica<\/em><\/strong>)<\/h3>\n\n\n\n<p>Ce scarab\u00e9e est originaire d\u2019Asie de l\u2019Est et a \u00e9t\u00e9 introduit aux \u00c9tats-Unis au d\u00e9but du 20e si\u00e8cle.&nbsp;<\/p>\n\n\n\n<p class=\"has-text-align-center\">Le scarab\u00e9e japonais est une esp\u00e8ce tr\u00e8s vorace qui se nourrit des feuilles de nombreuses plantes, y compris des cultures agricoles comme les ma\u00efs, les tomates, les pommes de terre et les arbres ornementaux. Sa pr\u00e9sence peut entra\u00eener des&nbsp;<strong>pertes agricoles importantes<\/strong>&nbsp;et affecter la biodiversit\u00e9 en endommageant des plantes locales et des arbres.&nbsp;<\/p>\n<\/div>\n\n\n\n<div class=\"wp-block-column is-layout-flow wp-block-column-is-layout-flow\">\n<figure class=\"wp-block-image aligncenter size-large is-resized is-style-rounded\"><img loading=\"lazy\" decoding=\"async\" width=\"1024\" height=\"683\" src=\"https:\/\/reihanyongfong.techniquesmedia.com\/wp-content\/uploads\/2025\/03\/scolyte-pin-1024x683.jpg\" alt=\"\" class=\"wp-image-38\" style=\"object-fit:cover;width:300px;height:300px\" srcset=\"https:\/\/reihanyongfong.techniquesmedia.com\/wp-content\/uploads\/2025\/03\/scolyte-pin-1024x683.jpg 1024w, https:\/\/reihanyongfong.techniquesmedia.com\/wp-content\/uploads\/2025\/03\/scolyte-pin-300x200.jpg 300w, https:\/\/reihanyongfong.techniquesmedia.com\/wp-content\/uploads\/2025\/03\/scolyte-pin-768x512.jpg 768w, https:\/\/reihanyongfong.techniquesmedia.com\/wp-content\/uploads\/2025\/03\/scolyte-pin-1536x1024.jpg 1536w, https:\/\/reihanyongfong.techniquesmedia.com\/wp-content\/uploads\/2025\/03\/scolyte-pin.jpg 1620w\" sizes=\"auto, (max-width: 1024px) 100vw, 1024px\" \/><\/figure>\n\n\n\n<h3 class=\"wp-block-heading has-text-align-center has-primary-color has-text-color has-link-color has-large-font-size wp-elements-f2ff39d13ab9b8d65215b73e7ed393a5\"><strong>Scarab\u00e9e japonais<\/strong><br><strong>(<em>Popillia japonica<\/em><\/strong>)<\/h3>\n\n\n\n<p>Ce scarab\u00e9e est natif d\u2019Am\u00e9rique du Nord mais a \u00e9t\u00e9 introduit en Europe.&nbsp;<\/p>\n\n\n\n<p class=\"has-text-align-center\">Il est connu pour attaquer les for\u00eats de pins, souvent en groupe, ce qui peut entra\u00eener des&nbsp;<strong>d\u00e9g\u00e2ts massifs<\/strong>&nbsp;aux for\u00eats. Les jeunes pins infest\u00e9s par ce scarab\u00e9e peuvent mourir rapidement, et les attaques multiples peuvent affaiblir une for\u00eat enti\u00e8re, la rendant vuln\u00e9rable \u00e0 d\u2019autres maladies.&nbsp;<\/p>\n\n\n\n<p class=\"has-text-align-center\"><a href=\"https:\/\/reihanyongfong.techniquesmedia.com\/index.php\/2025\/03\/25\/scolyte-du-pin-ips-pini\/\" data-type=\"post\" data-id=\"58\">En savoir plus<\/a><\/p>\n<\/div>\n\n\n\n<div class=\"wp-block-column is-layout-flow wp-block-column-is-layout-flow\">\n<figure class=\"wp-block-image aligncenter size-large is-resized is-style-rounded\"><img loading=\"lazy\" decoding=\"async\" width=\"1024\" height=\"682\" src=\"https:\/\/reihanyongfong.techniquesmedia.com\/wp-content\/uploads\/2025\/03\/impact-scarabee-riz-1024x682.jpg\" alt=\"\" class=\"wp-image-33\" style=\"object-fit:cover;width:300px;height:300px\" srcset=\"https:\/\/reihanyongfong.techniquesmedia.com\/wp-content\/uploads\/2025\/03\/impact-scarabee-riz-1024x682.jpg 1024w, https:\/\/reihanyongfong.techniquesmedia.com\/wp-content\/uploads\/2025\/03\/impact-scarabee-riz-300x200.jpg 300w, https:\/\/reihanyongfong.techniquesmedia.com\/wp-content\/uploads\/2025\/03\/impact-scarabee-riz-768x512.jpg 768w, https:\/\/reihanyongfong.techniquesmedia.com\/wp-content\/uploads\/2025\/03\/impact-scarabee-riz.jpg 1280w\" sizes=\"auto, (max-width: 1024px) 100vw, 1024px\" \/><\/figure>\n\n\n\n<h3 class=\"wp-block-heading has-text-align-center has-primary-color has-text-color has-link-color has-large-font-size wp-elements-dbb4c8ccfd161dc199f5c33ddf381d65\"><strong>Scarab\u00e9e du riz<\/strong><br><strong>(<em>Sitophilus oryzae<\/em>)<\/strong><\/h3>\n\n\n\n<p class=\"has-text-align-center\">Le scarab\u00e9e du riz, \u00e9galement appel\u00e9 \u00ab&nbsp;bourdon du riz&nbsp;\u00bb, est une esp\u00e8ce originaire d\u2019Asie, mais elle s\u2019est propag\u00e9e dans le monde entier, principalement \u00e0 cause du commerce international.&nbsp;<\/p>\n\n\n\n<p class=\"has-text-align-center\">Ce scarab\u00e9e attaque les cultures de riz, d\u2019autres c\u00e9r\u00e9ales et m\u00eame des grains stock\u00e9s dans les silos, ce qui a un impact n\u00e9gatif sur la production alimentaire. Il peut \u00e9galement affecter d\u2019autres r\u00e9coltes agricoles.&nbsp;<\/p>\n<\/div>\n<\/div>\n<\/div>\n","protected":false},"excerpt":{"rendered":"<p>Certaines esp\u00e8ces de scarab\u00e9es, bien qu\u2019elles jouent g\u00e9n\u00e9ralement un r\u00f4le b\u00e9n\u00e9fique dans leurs habitats naturels, peuvent devenir&nbsp;envahissantes&nbsp;lorsqu\u2019elles sont introduites dans de nouveaux environnements. Lorsqu\u2019une esp\u00e8ce devient envahissante, elle peut perturber les \u00e9quilibres \u00e9cologiques locaux, affecter la biodiversit\u00e9 et nuire aux syst\u00e8mes agricoles. Qu\u2019est-ce qu\u2019une esp\u00e8ce envahissante ?&nbsp; Une esp\u00e8ce est dite&nbsp;envahissante&nbsp;lorsqu\u2019elle est introduite dans un [&hellip;]<\/p>\n","protected":false},"author":1,"featured_media":0,"parent":0,"menu_order":0,"comment_status":"closed","ping_status":"closed","template":"","meta":{"footnotes":""},"class_list":["post-17","page","type-page","status-publish","hentry"],"_links":{"self":[{"href":"https:\/\/reihanyongfong.techniquesmedia.com\/index.php\/wp-json\/wp\/v2\/pages\/17","targetHints":{"allow":["GET"]}}],"collection":[{"href":"https:\/\/reihanyongfong.techniquesmedia.com\/index.php\/wp-json\/wp\/v2\/pages"}],"about":[{"href":"https:\/\/reihanyongfong.techniquesmedia.com\/index.php\/wp-json\/wp\/v2\/types\/page"}],"author":[{"embeddable":true,"href":"https:\/\/reihanyongfong.techniquesmedia.com\/index.php\/wp-json\/wp\/v2\/users\/1"}],"replies":[{"embeddable":true,"href":"https:\/\/reihanyongfong.techniquesmedia.com\/index.php\/wp-json\/wp\/v2\/comments?post=17"}],"version-history":[{"count":8,"href":"https:\/\/reihanyongfong.techniquesmedia.com\/index.php\/wp-json\/wp\/v2\/pages\/17\/revisions"}],"predecessor-version":[{"id":100,"href":"https:\/\/reihanyongfong.techniquesmedia.com\/index.php\/wp-json\/wp\/v2\/pages\/17\/revisions\/100"}],"wp:attachment":[{"href":"https:\/\/reihanyongfong.techniquesmedia.com\/index.php\/wp-json\/wp\/v2\/media?parent=17"}],"curies":[{"name":"wp","href":"https:\/\/api.w.org\/{rel}","templated":true}]}}