{"id":15,"date":"2025-03-25T12:54:27","date_gmt":"2025-03-25T12:54:27","guid":{"rendered":"https:\/\/reihanyongfong.techniquesmedia.com\/?page_id=15"},"modified":"2025-03-30T18:08:18","modified_gmt":"2025-03-30T18:08:18","slug":"especes","status":"publish","type":"page","link":"https:\/\/reihanyongfong.techniquesmedia.com\/index.php\/especes\/","title":{"rendered":"Esp\u00e8ces de scarab\u00e9es"},"content":{"rendered":"\n<p>Il existe une&nbsp;<strong>incroyable diversit\u00e9<\/strong>&nbsp;d\u2019esp\u00e8ces de scarab\u00e9es, chacune ayant des caract\u00e9ristiques uniques et une fonction diff\u00e9rente dans l\u2019\u00e9cosyst\u00e8me.&nbsp;<\/p>\n\n\n\n<div style=\"height:100px\" aria-hidden=\"true\" class=\"wp-block-spacer\"><\/div>\n\n\n\n<div class=\"wp-block-query alignwide is-layout-flow wp-block-query-is-layout-flow\"><ul class=\"has-link-color columns-2 wp-elements-4d504f5d1d323ba2c5999844a10ac44c wp-block-post-template has-text-color has-foreground-color is-layout-grid wp-container-core-post-template-is-layout-02493678 wp-block-post-template-is-layout-grid\"><li class=\"wp-block-post post-61 post type-post status-publish format-standard has-post-thumbnail hentry category-uncategorized\">\n<figure style=\"aspect-ratio:16\/9;\" class=\"wp-block-post-featured-image wp-elements-4d504f5d1d323ba2c5999844a10ac44c\"><a href=\"https:\/\/reihanyongfong.techniquesmedia.com\/index.php\/2025\/03\/25\/scarabee-rhinoceros-oryctes-nasicornis\/\" target=\"_self\"  ><img loading=\"lazy\" decoding=\"async\" width=\"1280\" height=\"960\" src=\"https:\/\/reihanyongfong.techniquesmedia.com\/wp-content\/uploads\/2025\/03\/rhinoceros.jpg\" class=\"attachment-post-thumbnail size-post-thumbnail wp-post-image\" alt=\"Scarab\u00e9e rhinoc\u00e9ros (Oryctes nasicornis)\" style=\"border-radius:50px;width:100%;height:100%;object-fit:cover;\" srcset=\"https:\/\/reihanyongfong.techniquesmedia.com\/wp-content\/uploads\/2025\/03\/rhinoceros.jpg 1280w, https:\/\/reihanyongfong.techniquesmedia.com\/wp-content\/uploads\/2025\/03\/rhinoceros-300x225.jpg 300w, https:\/\/reihanyongfong.techniquesmedia.com\/wp-content\/uploads\/2025\/03\/rhinoceros-1024x768.jpg 1024w, https:\/\/reihanyongfong.techniquesmedia.com\/wp-content\/uploads\/2025\/03\/rhinoceros-768x576.jpg 768w\" sizes=\"auto, (max-width: 1280px) 100vw, 1280px\" \/><\/a><\/figure>\n\n\n<div class=\"wp-block-group is-content-justification-space-between is-nowrap is-layout-flex wp-container-core-group-is-layout-cb46ffcb wp-block-group-is-layout-flex\"><h2 class=\"has-link-color wp-elements-485f6f1b498d2d41310f15d7c225183b wp-block-post-title has-text-color has-foreground-color has-large-font-size\">Scarab\u00e9e rhinoc\u00e9ros (Oryctes nasicornis)<\/h2>\n\n\n<p>\u2192<\/p>\n<\/div>\n\n<\/li><li class=\"wp-block-post post-58 post type-post status-publish format-standard has-post-thumbnail hentry category-uncategorized\">\n<figure style=\"aspect-ratio:16\/9;\" class=\"wp-block-post-featured-image wp-elements-4d504f5d1d323ba2c5999844a10ac44c\"><a href=\"https:\/\/reihanyongfong.techniquesmedia.com\/index.php\/2025\/03\/25\/scolyte-du-pin-ips-pini\/\" target=\"_self\"  ><img loading=\"lazy\" decoding=\"async\" width=\"1620\" height=\"1080\" src=\"https:\/\/reihanyongfong.techniquesmedia.com\/wp-content\/uploads\/2025\/03\/scolyte-pin.jpg\" class=\"attachment-post-thumbnail size-post-thumbnail wp-post-image\" alt=\"Scolyte du pin (Ips pini)\" style=\"border-radius:50px;width:100%;height:100%;object-fit:cover;\" srcset=\"https:\/\/reihanyongfong.techniquesmedia.com\/wp-content\/uploads\/2025\/03\/scolyte-pin.jpg 1620w, https:\/\/reihanyongfong.techniquesmedia.com\/wp-content\/uploads\/2025\/03\/scolyte-pin-300x200.jpg 300w, https:\/\/reihanyongfong.techniquesmedia.com\/wp-content\/uploads\/2025\/03\/scolyte-pin-1024x683.jpg 1024w, https:\/\/reihanyongfong.techniquesmedia.com\/wp-content\/uploads\/2025\/03\/scolyte-pin-768x512.jpg 768w, https:\/\/reihanyongfong.techniquesmedia.com\/wp-content\/uploads\/2025\/03\/scolyte-pin-1536x1024.jpg 1536w\" sizes=\"auto, (max-width: 1620px) 100vw, 1620px\" \/><\/a><\/figure>\n\n\n<div class=\"wp-block-group is-content-justification-space-between is-nowrap is-layout-flex wp-container-core-group-is-layout-cb46ffcb wp-block-group-is-layout-flex\"><h2 class=\"has-link-color wp-elements-485f6f1b498d2d41310f15d7c225183b wp-block-post-title has-text-color has-foreground-color has-large-font-size\">Scolyte du pin (Ips pini)<\/h2>\n\n\n<p>\u2192<\/p>\n<\/div>\n\n<\/li><li class=\"wp-block-post post-53 post type-post status-publish format-standard has-post-thumbnail hentry category-uncategorized\">\n<figure style=\"aspect-ratio:16\/9;\" class=\"wp-block-post-featured-image wp-elements-4d504f5d1d323ba2c5999844a10ac44c\"><a href=\"https:\/\/reihanyongfong.techniquesmedia.com\/index.php\/2025\/03\/25\/scarabee-du-sol-geotrupes-stercorarius\/\" target=\"_self\"  ><img loading=\"lazy\" decoding=\"async\" width=\"1280\" height=\"853\" src=\"https:\/\/reihanyongfong.techniquesmedia.com\/wp-content\/uploads\/2025\/03\/scarabee-sol.jpg\" class=\"attachment-post-thumbnail size-post-thumbnail wp-post-image\" alt=\"Scarab\u00e9e du sol (Geotrupes stercorarius)\" style=\"border-radius:50px;width:100%;height:100%;object-fit:cover;\" srcset=\"https:\/\/reihanyongfong.techniquesmedia.com\/wp-content\/uploads\/2025\/03\/scarabee-sol.jpg 1280w, https:\/\/reihanyongfong.techniquesmedia.com\/wp-content\/uploads\/2025\/03\/scarabee-sol-300x200.jpg 300w, https:\/\/reihanyongfong.techniquesmedia.com\/wp-content\/uploads\/2025\/03\/scarabee-sol-1024x682.jpg 1024w, https:\/\/reihanyongfong.techniquesmedia.com\/wp-content\/uploads\/2025\/03\/scarabee-sol-768x512.jpg 768w\" sizes=\"auto, (max-width: 1280px) 100vw, 1280px\" \/><\/a><\/figure>\n\n\n<div class=\"wp-block-group is-content-justification-space-between is-nowrap is-layout-flex wp-container-core-group-is-layout-cb46ffcb wp-block-group-is-layout-flex\"><h2 class=\"has-link-color wp-elements-485f6f1b498d2d41310f15d7c225183b wp-block-post-title has-text-color has-foreground-color has-large-font-size\">Scarab\u00e9e du sol (Geotrupes stercorarius)<\/h2>\n\n\n<p>\u2192<\/p>\n<\/div>\n\n<\/li><li class=\"wp-block-post post-50 post type-post status-publish format-standard has-post-thumbnail hentry category-uncategorized\">\n<figure style=\"aspect-ratio:16\/9;\" class=\"wp-block-post-featured-image wp-elements-4d504f5d1d323ba2c5999844a10ac44c\"><a href=\"https:\/\/reihanyongfong.techniquesmedia.com\/index.php\/2025\/03\/25\/scarabee-bousier-scarabaeus-sacer\/\" target=\"_self\"  ><img loading=\"lazy\" decoding=\"async\" width=\"1280\" height=\"848\" src=\"https:\/\/reihanyongfong.techniquesmedia.com\/wp-content\/uploads\/2025\/03\/scarabee-bousier.jpg\" class=\"attachment-post-thumbnail size-post-thumbnail wp-post-image\" alt=\"Scarab\u00e9e bousier (Scarabaeus sacer)\" style=\"border-radius:50px;width:100%;height:100%;object-fit:cover;\" srcset=\"https:\/\/reihanyongfong.techniquesmedia.com\/wp-content\/uploads\/2025\/03\/scarabee-bousier.jpg 1280w, https:\/\/reihanyongfong.techniquesmedia.com\/wp-content\/uploads\/2025\/03\/scarabee-bousier-300x199.jpg 300w, https:\/\/reihanyongfong.techniquesmedia.com\/wp-content\/uploads\/2025\/03\/scarabee-bousier-1024x678.jpg 1024w, https:\/\/reihanyongfong.techniquesmedia.com\/wp-content\/uploads\/2025\/03\/scarabee-bousier-768x509.jpg 768w\" sizes=\"auto, (max-width: 1280px) 100vw, 1280px\" \/><\/a><\/figure>\n\n\n<div class=\"wp-block-group is-content-justification-space-between is-nowrap is-layout-flex wp-container-core-group-is-layout-cb46ffcb wp-block-group-is-layout-flex\"><h2 class=\"has-link-color wp-elements-485f6f1b498d2d41310f15d7c225183b wp-block-post-title has-text-color has-foreground-color has-large-font-size\">Scarab\u00e9e bousier (Scarabaeus sacer)<\/h2>\n\n\n<p>\u2192<\/p>\n<\/div>\n\n<\/li><\/ul><\/div>\n\n\n\n<p><\/p>\n","protected":false},"excerpt":{"rendered":"<p>Il existe une&nbsp;incroyable diversit\u00e9&nbsp;d\u2019esp\u00e8ces de scarab\u00e9es, chacune ayant des caract\u00e9ristiques uniques et une fonction diff\u00e9rente dans l\u2019\u00e9cosyst\u00e8me.&nbsp;<\/p>\n","protected":false},"author":1,"featured_media":0,"parent":0,"menu_order":0,"comment_status":"closed","ping_status":"closed","template":"","meta":{"footnotes":""},"class_list":["post-15","page","type-page","status-publish","hentry"],"_links":{"self":[{"href":"https:\/\/reihanyongfong.techniquesmedia.com\/index.php\/wp-json\/wp\/v2\/pages\/15","targetHints":{"allow":["GET"]}}],"collection":[{"href":"https:\/\/reihanyongfong.techniquesmedia.com\/index.php\/wp-json\/wp\/v2\/pages"}],"about":[{"href":"https:\/\/reihanyongfong.techniquesmedia.com\/index.php\/wp-json\/wp\/v2\/types\/page"}],"author":[{"embeddable":true,"href":"https:\/\/reihanyongfong.techniquesmedia.com\/index.php\/wp-json\/wp\/v2\/users\/1"}],"replies":[{"embeddable":true,"href":"https:\/\/reihanyongfong.techniquesmedia.com\/index.php\/wp-json\/wp\/v2\/comments?post=15"}],"version-history":[{"count":7,"href":"https:\/\/reihanyongfong.techniquesmedia.com\/index.php\/wp-json\/wp\/v2\/pages\/15\/revisions"}],"predecessor-version":[{"id":93,"href":"https:\/\/reihanyongfong.techniquesmedia.com\/index.php\/wp-json\/wp\/v2\/pages\/15\/revisions\/93"}],"wp:attachment":[{"href":"https:\/\/reihanyongfong.techniquesmedia.com\/index.php\/wp-json\/wp\/v2\/media?parent=15"}],"curies":[{"name":"wp","href":"https:\/\/api.w.org\/{rel}","templated":true}]}}